{"id":32,"date":"2024-09-06T17:35:45","date_gmt":"2024-09-06T15:35:45","guid":{"rendered":"https:\/\/REKERS.living\/?page_id=32"},"modified":"2024-09-06T17:35:45","modified_gmt":"2024-09-06T15:35:45","slug":"impressum","status":"publish","type":"page","link":"https:\/\/REKERS.living\/?page_id=32","title":{"rendered":"Impressum"},"content":{"rendered":"\n<div class=\"wp-block-group alignfull has-global-padding is-layout-constrained wp-container-core-group-is-layout-490fa1db wp-block-group-is-layout-constrained\" style=\"padding-top:var(--wp--preset--spacing--50);padding-right:var(--wp--preset--spacing--50);padding-bottom:var(--wp--preset--spacing--50);padding-left:var(--wp--preset--spacing--50)\">\n<div class=\"wp-block-group has-global-padding is-layout-constrained wp-container-core-group-is-layout-650790e1 wp-block-group-is-layout-constrained\">\n<p class=\"has-text-align-center\"><strong>REKERS.living GmbH<\/strong><br><strong>Siemensstra\u00dfe 7<\/strong><br><strong>D-48480 Spelle<\/strong><br><br><strong>Vertretungsberechtige Gesch\u00e4ftsf\u00fchrer: Heike Bentrup, Christina Rekers<\/strong><br><br><strong>Telefon: +49 (0) 5977 644 00-0<\/strong><br><strong>E-Mail: info@rekers.living<\/strong><br><br><strong>Registergericht: Amtsgericht Osnabr\u00fcck<\/strong><br><strong>Registernummer: HRB 220570<\/strong><br><br><strong>Inhaltlich Verantwortlicher: Heike Bentrup (Anschrift s.o.)<\/strong><\/p>\n\n\n\n<div style=\"height:1.25rem\" aria-hidden=\"true\" class=\"wp-block-spacer\"><\/div>\n\n\n\n<div style=\"height:1.25rem\" aria-hidden=\"true\" class=\"wp-block-spacer\"><\/div>\n\n\n\n<div class=\"wp-block-buttons is-content-justification-center is-layout-flex wp-container-core-buttons-is-layout-a89b3969 wp-block-buttons-is-layout-flex\"><\/div>\n<\/div>\n\n\n\n<div style=\"height:var(--wp--preset--spacing--30)\" aria-hidden=\"true\" class=\"wp-block-spacer\"><\/div>\n<\/div>\n","protected":false},"excerpt":{"rendered":"<p>REKERS.living GmbHSiemensstra\u00dfe 7D-48480 Spelle Vertretungsberechtige Gesch\u00e4ftsf\u00fchrer: Heike Bentrup, Christina Rekers Telefon: +49 (0) 5977 644 00-0E-Mail: info@rekers.living Registergericht: Amtsgericht Osnabr\u00fcckRegisternummer: HRB 220570 Inhaltlich Verantwortlicher: Heike Bentrup (Anschrift s.o.)<\/p>\n","protected":false},"author":1,"featured_media":0,"parent":0,"menu_order":0,"comment_status":"closed","ping_status":"closed","template":"","meta":{"footnotes":""},"class_list":["post-32","page","type-page","status-publish","hentry"],"_links":{"self":[{"href":"https:\/\/REKERS.living\/index.php?rest_route=\/wp\/v2\/pages\/32","targetHints":{"allow":["GET"]}}],"collection":[{"href":"https:\/\/REKERS.living\/index.php?rest_route=\/wp\/v2\/pages"}],"about":[{"href":"https:\/\/REKERS.living\/index.php?rest_route=\/wp\/v2\/types\/page"}],"author":[{"embeddable":true,"href":"https:\/\/REKERS.living\/index.php?rest_route=\/wp\/v2\/users\/1"}],"replies":[{"embeddable":true,"href":"https:\/\/REKERS.living\/index.php?rest_route=%2Fwp%2Fv2%2Fcomments&post=32"}],"version-history":[{"count":1,"href":"https:\/\/REKERS.living\/index.php?rest_route=\/wp\/v2\/pages\/32\/revisions"}],"predecessor-version":[{"id":46,"href":"https:\/\/REKERS.living\/index.php?rest_route=\/wp\/v2\/pages\/32\/revisions\/46"}],"wp:attachment":[{"href":"https:\/\/REKERS.living\/index.php?rest_route=%2Fwp%2Fv2%2Fmedia&parent=32"}],"curies":[{"name":"wp","href":"https:\/\/api.w.org\/{rel}","templated":true}]}}