{"id":47,"date":"2024-09-06T17:38:44","date_gmt":"2024-09-06T15:38:44","guid":{"rendered":"https:\/\/REKERS.living\/?page_id=47"},"modified":"2025-03-25T14:17:56","modified_gmt":"2025-03-25T13:17:56","slug":"ueber-uns","status":"publish","type":"page","link":"https:\/\/REKERS.living\/?page_id=47","title":{"rendered":"Team"},"content":{"rendered":"\n<div class=\"wp-block-group alignfull has-global-padding is-layout-constrained wp-container-core-group-is-layout-669513ed wp-block-group-is-layout-constrained\" style=\"margin-top:0;margin-bottom:0;padding-top:var(--wp--preset--spacing--50);padding-right:var(--wp--preset--spacing--50);padding-bottom:var(--wp--preset--spacing--50);padding-left:var(--wp--preset--spacing--50)\">\n<div class=\"wp-block-group is-vertical is-content-justification-center is-layout-flex wp-container-core-group-is-layout-ce155fab wp-block-group-is-layout-flex\">\n<h2 class=\"wp-block-heading has-text-align-center has-body-font-family has-xx-large-font-size\">Lerne unser Team kennen<\/h2>\n<\/div>\n\n\n\n<div style=\"height:var(--wp--preset--spacing--30)\" aria-hidden=\"true\" class=\"wp-block-spacer\"><\/div>\n\n\n\n<div class=\"wp-block-columns alignwide is-layout-flex wp-container-core-columns-is-layout-4935966c wp-block-columns-is-layout-flex\" style=\"padding-right:0;padding-left:0\">\n<div class=\"wp-block-column is-layout-flow wp-block-column-is-layout-flow\">\n<figure class=\"wp-block-image aligncenter size-full is-resized is-style-rounded is-style-rounded--1\"><img loading=\"lazy\" decoding=\"async\" width=\"100\" height=\"100\" src=\"https:\/\/REKERS.living\/wp-content\/uploads\/2024\/09\/kamera.png\" alt=\"\" class=\"wp-image-39\" style=\"object-fit:cover;width:116px;height:auto\"\/><\/figure>\n\n\n\n<div class=\"wp-block-group is-vertical is-content-justification-center is-nowrap is-layout-flex wp-container-core-group-is-layout-21d4e958 wp-block-group-is-layout-flex\">\n<p class=\"has-text-align-center has-small-font-size\"><strong>Heike Bentrup<\/strong><\/p>\n\n\n\n<p class=\"has-text-align-center has-small-font-size\">Gr\u00fcnderin, Gesch\u00e4ftsf\u00fchrung<\/p>\n<\/div>\n<\/div>\n\n\n\n<div class=\"wp-block-column is-layout-flow wp-block-column-is-layout-flow\">\n<figure class=\"wp-block-image aligncenter size-full is-resized is-style-rounded is-style-rounded--2\"><img loading=\"lazy\" decoding=\"async\" width=\"100\" height=\"100\" src=\"https:\/\/REKERS.living\/wp-content\/uploads\/2024\/09\/kamera.png\" alt=\"\" class=\"wp-image-39\" style=\"object-fit:cover;width:119px;height:auto\"\/><\/figure>\n\n\n\n<div class=\"wp-block-group is-vertical is-content-justification-center is-nowrap is-layout-flex wp-container-core-group-is-layout-63bfd6c1 wp-block-group-is-layout-flex\">\n<p class=\"has-text-align-center has-small-font-size\"><strong>Christina Rekers<\/strong><\/p>\n\n\n\n<p class=\"has-text-align-center has-small-font-size\">Gr\u00fcnderin, Gesch\u00e4ftsf\u00fchrung<\/p>\n<\/div>\n<\/div>\n\n\n\n<div class=\"wp-block-column is-layout-flow wp-block-column-is-layout-flow\">\n<figure class=\"wp-block-image aligncenter size-full is-resized is-style-rounded is-style-rounded--3\"><img loading=\"lazy\" decoding=\"async\" width=\"100\" height=\"100\" src=\"https:\/\/REKERS.living\/wp-content\/uploads\/2024\/09\/kamera.png\" alt=\"\" class=\"wp-image-39\" style=\"object-fit:cover;width:120px;height:auto\"\/><\/figure>\n\n\n\n<div class=\"wp-block-group is-vertical is-content-justification-center is-nowrap is-layout-flex wp-container-core-group-is-layout-63bfd6c1 wp-block-group-is-layout-flex\">\n<p class=\"has-text-align-center has-small-font-size\"><strong>Philipp Rekers<\/strong><\/p>\n\n\n\n<p class=\"has-text-align-center has-small-font-size\">Gr\u00fcnder<\/p>\n<\/div>\n<\/div>\n<\/div>\n<\/div>\n","protected":false},"excerpt":{"rendered":"<p>Lerne unser Team kennen Heike Bentrup Gr\u00fcnderin, Gesch\u00e4ftsf\u00fchrung Christina Rekers Gr\u00fcnderin, Gesch\u00e4ftsf\u00fchrung Philipp Rekers Gr\u00fcnder<\/p>\n","protected":false},"author":1,"featured_media":0,"parent":0,"menu_order":0,"comment_status":"closed","ping_status":"closed","template":"","meta":{"footnotes":""},"class_list":["post-47","page","type-page","status-publish","hentry"],"_links":{"self":[{"href":"https:\/\/REKERS.living\/index.php?rest_route=\/wp\/v2\/pages\/47","targetHints":{"allow":["GET"]}}],"collection":[{"href":"https:\/\/REKERS.living\/index.php?rest_route=\/wp\/v2\/pages"}],"about":[{"href":"https:\/\/REKERS.living\/index.php?rest_route=\/wp\/v2\/types\/page"}],"author":[{"embeddable":true,"href":"https:\/\/REKERS.living\/index.php?rest_route=\/wp\/v2\/users\/1"}],"replies":[{"embeddable":true,"href":"https:\/\/REKERS.living\/index.php?rest_route=%2Fwp%2Fv2%2Fcomments&post=47"}],"version-history":[{"count":5,"href":"https:\/\/REKERS.living\/index.php?rest_route=\/wp\/v2\/pages\/47\/revisions"}],"predecessor-version":[{"id":99,"href":"https:\/\/REKERS.living\/index.php?rest_route=\/wp\/v2\/pages\/47\/revisions\/99"}],"wp:attachment":[{"href":"https:\/\/REKERS.living\/index.php?rest_route=%2Fwp%2Fv2%2Fmedia&parent=47"}],"curies":[{"name":"wp","href":"https:\/\/api.w.org\/{rel}","templated":true}]}}